{"id":209,"date":"2020-11-19T09:56:34","date_gmt":"2020-11-19T08:56:34","guid":{"rendered":"https:\/\/caveaualoxecorton.com\/?page_id=209"},"modified":"2020-11-30T14:44:04","modified_gmt":"2020-11-30T13:44:04","slug":"domaine-meuneveaux","status":"publish","type":"page","link":"https:\/\/caveaualoxecorton.com\/en\/domaine-meuneveaux\/","title":{"rendered":"Domaine Meuneveaux"},"content":{"rendered":"<div data-elementor-type=\"wp-page\" data-elementor-id=\"209\" class=\"elementor elementor-209\" data-elementor-settings=\"[]\">\n\t\t\t\t\t\t<div class=\"elementor-inner\">\n\t\t\t\t\t\t\t<div class=\"elementor-section-wrap\">\n\t\t\t\t\t\t\t<section class=\"elementor-section elementor-top-section elementor-element elementor-element-1ec5e3e elementor-section-full_width elementor-section-height-default elementor-section-height-default\" data-id=\"1ec5e3e\" data-element_type=\"section\">\n\t\t\t\t\t\t<div class=\"elementor-container elementor-column-gap-default\">\n\t\t\t\t\t\t\t<div class=\"elementor-row\">\n\t\t\t\t\t<div class=\"elementor-column elementor-col-100 elementor-top-column elementor-element elementor-element-dabc521\" data-id=\"dabc521\" data-element_type=\"column\" data-settings=\"{&quot;background_background&quot;:&quot;classic&quot;}\">\n\t\t\t<div class=\"elementor-column-wrap elementor-element-populated\">\n\t\t\t\t\t\t\t<div class=\"elementor-widget-wrap\">\n\t\t\t\t\t\t<div class=\"elementor-element elementor-element-965898a elementor-widget elementor-widget-heading\" data-id=\"965898a\" data-element_type=\"widget\" data-widget_type=\"heading.default\">\n\t\t\t\t<div class=\"elementor-widget-container\">\n\t\t\t<h1 class=\"elementor-heading-title elementor-size-default\">Domaine Meuneveaux<\/h1>\t\t<\/div>\n\t\t\t\t<\/div>\n\t\t\t\t<section class=\"elementor-section elementor-inner-section elementor-element elementor-element-0338169 elementor-section-boxed elementor-section-height-default elementor-section-height-default\" data-id=\"0338169\" data-element_type=\"section\">\n\t\t\t\t\t\t<div class=\"elementor-container elementor-column-gap-default\">\n\t\t\t\t\t\t\t<div class=\"elementor-row\">\n\t\t\t\t\t<div class=\"elementor-column elementor-col-33 elementor-inner-column elementor-element elementor-element-431455a\" data-id=\"431455a\" data-element_type=\"column\">\n\t\t\t<div class=\"elementor-column-wrap elementor-element-populated\">\n\t\t\t\t\t\t\t<div class=\"elementor-widget-wrap\">\n\t\t\t\t\t\t<div class=\"elementor-element elementor-element-9fb18fb elementor-widget elementor-widget-image\" data-id=\"9fb18fb\" data-element_type=\"widget\" data-widget_type=\"image.default\">\n\t\t\t\t<div class=\"elementor-widget-container\">\n\t\t\t\t\t\t\t\t<div class=\"elementor-image\">\n\t\t\t\t\t\t\t\t\t\t\t\t\t<a href=\"https:\/\/caveaualoxecorton.com\/wp-content\/uploads\/2020\/11\/527071_435961326423143_1462358932_n.jpg\" data-elementor-open-lightbox=\"yes\" data-elementor-lightbox-title=\"Domaine Meuneveaux\">\n\t\t\t\t\t\t\t<img width=\"800\" height=\"533\" src=\"https:\/\/caveaualoxecorton.com\/wp-content\/uploads\/2020\/11\/527071_435961326423143_1462358932_n.jpg\" class=\"attachment-full size-full\" alt=\"\" loading=\"lazy\" srcset=\"https:\/\/caveaualoxecorton.com\/wp-content\/uploads\/2020\/11\/527071_435961326423143_1462358932_n.jpg 800w, https:\/\/caveaualoxecorton.com\/wp-content\/uploads\/2020\/11\/527071_435961326423143_1462358932_n-300x200.jpg 300w, https:\/\/caveaualoxecorton.com\/wp-content\/uploads\/2020\/11\/527071_435961326423143_1462358932_n-768x512.jpg 768w\" sizes=\"(max-width: 800px) 100vw, 800px\" \/>\t\t\t\t\t\t\t\t<\/a>\n\t\t\t\t\t\t\t\t\t\t\t\t\t\t<\/div>\n\t\t\t\t\t\t<\/div>\n\t\t\t\t<\/div>\n\t\t\t\t\t\t<\/div>\n\t\t\t\t\t<\/div>\n\t\t<\/div>\n\t\t\t\t<div class=\"elementor-column elementor-col-66 elementor-inner-column elementor-element elementor-element-1e21e18\" data-id=\"1e21e18\" data-element_type=\"column\">\n\t\t\t<div class=\"elementor-column-wrap elementor-element-populated\">\n\t\t\t\t\t\t\t<div class=\"elementor-widget-wrap\">\n\t\t\t\t\t\t<div class=\"elementor-element elementor-element-e22156c elementor-drop-cap-yes elementor-drop-cap-view-default elementor-widget elementor-widget-text-editor\" data-id=\"e22156c\" data-element_type=\"widget\" data-settings=\"{&quot;drop_cap&quot;:&quot;yes&quot;}\" data-widget_type=\"text-editor.default\">\n\t\t\t\t<div class=\"elementor-widget-container\">\n\t\t\t\t\t\t\t\t<div class=\"elementor-text-editor elementor-clearfix\">\n\t\t\t\t\t<p>Domaine Meuneveaux is located in the village of Aloxe-Corton in the C\u00f4te de Beaune. A family estate created in 1870, and it has 6.5 hectares of vines and offers a wide range of red and white wines. Today Freddy Meuneveaux is the 4th generation to devote itself to the elaboration of the most prestigious wines of the C\u00f4te de Beaune.<\/p>\t\t\t\t\t<\/div>\n\t\t\t\t\t\t<\/div>\n\t\t\t\t<\/div>\n\t\t\t\t<div class=\"elementor-element elementor-element-957290d elementor-widget elementor-widget-image\" data-id=\"957290d\" data-element_type=\"widget\" data-widget_type=\"image.default\">\n\t\t\t\t<div class=\"elementor-widget-container\">\n\t\t\t\t\t\t\t\t<div class=\"elementor-image\">\n\t\t\t\t\t\t\t\t\t\t\t\t\t<a href=\"https:\/\/caveaualoxecorton.com\/wp-content\/uploads\/2020\/11\/logo-principal-etiquette-version2020-740px.png\" data-elementor-open-lightbox=\"yes\" data-elementor-lightbox-title=\"Domaine Meuneveaux\">\n\t\t\t\t\t\t\t<img src=\"https:\/\/caveaualoxecorton.com\/wp-content\/uploads\/elementor\/thumbs\/logo-principal-etiquette-version2020-740px-p4b2in0gghk78yq6pukqduk59l0pckdavd37axxsw8.png\" title=\"Domaine Meuneveaux\" alt=\"Domaine Meuneveaux\" \/>\t\t\t\t\t\t\t\t<\/a>\n\t\t\t\t\t\t\t\t\t\t\t\t\t\t<\/div>\n\t\t\t\t\t\t<\/div>\n\t\t\t\t<\/div>\n\t\t\t\t<div class=\"elementor-element elementor-element-5f3ca85 elementor-icon-list--layout-inline elementor-align-center elementor-list-item-link-full_width elementor-widget elementor-widget-icon-list\" data-id=\"5f3ca85\" data-element_type=\"widget\" data-widget_type=\"icon-list.default\">\n\t\t\t\t<div class=\"elementor-widget-container\">\n\t\t\t\t\t<ul class=\"elementor-icon-list-items elementor-inline-items\">\n\t\t\t\t\t\t\t<li class=\"elementor-icon-list-item elementor-inline-item\">\n\t\t\t\t\t<a href=\"https:\/\/fr-fr.facebook.com\/meuneveaux\/\" target=\"_blank\">\t\t\t\t\t\t<span class=\"elementor-icon-list-icon\">\n\t\t\t\t\t\t\t<i aria-hidden=\"true\" class=\"fab fa-facebook\"><\/i>\t\t\t\t\t\t<\/span>\n\t\t\t\t\t\t\t\t\t\t<span class=\"elementor-icon-list-text\"><\/span>\n\t\t\t\t\t\t\t\t\t\t\t<\/a>\n\t\t\t\t\t\t\t\t\t<\/li>\n\t\t\t\t\t\t\t\t<li class=\"elementor-icon-list-item elementor-inline-item\">\n\t\t\t\t\t<a href=\"https:\/\/www.meuneveaux.com\/\" target=\"_blank\">\t\t\t\t\t\t<span class=\"elementor-icon-list-icon\">\n\t\t\t\t\t\t\t<i aria-hidden=\"true\" class=\"fas fa-globe\"><\/i>\t\t\t\t\t\t<\/span>\n\t\t\t\t\t\t\t\t\t\t<span class=\"elementor-icon-list-text\"><\/span>\n\t\t\t\t\t\t\t\t\t\t\t<\/a>\n\t\t\t\t\t\t\t\t\t<\/li>\n\t\t\t\t\t\t<\/ul>\n\t\t\t\t<\/div>\n\t\t\t\t<\/div>\n\t\t\t\t\t\t<\/div>\n\t\t\t\t\t<\/div>\n\t\t<\/div>\n\t\t\t\t\t\t\t\t<\/div>\n\t\t\t\t\t<\/div>\n\t\t<\/section>\n\t\t\t\t\t\t<\/div>\n\t\t\t\t\t<\/div>\n\t\t<\/div>\n\t\t\t\t\t\t\t\t<\/div>\n\t\t\t\t\t<\/div>\n\t\t<\/section>\n\t\t\t\t\t\t<\/div>\n\t\t\t\t\t\t<\/div>\n\t\t\t\t\t<\/div>","protected":false},"excerpt":{"rendered":"<p>Domaine Meuneveaux Le domaine Meuneveaux est situ\u00e9 dans le village d&rsquo;Aloxe-Corton en C\u00f4te de Beaune. Domaine familiale cr\u00e9e en 1870, il dispose de 6.5 hectares de vignes et propose une large gamme de vins rouges et de vins blancs. Aujourd&rsquo;hui Freddy Meuneveaux est la 4\u00e8me g\u00e9n\u00e9ration \u00e0 se consacrer \u00e0 l&rsquo;\u00e9laboration des vins les plus&#8230;<\/p>","protected":false},"author":2,"featured_media":0,"parent":0,"menu_order":0,"comment_status":"closed","ping_status":"closed","template":"","meta":{"_kad_post_transparent":"","_kad_post_title":"hide","_kad_post_layout":"fullwidth","_kad_post_sidebar_id":"","_kad_post_content_style":"unboxed","_kad_post_vertical_padding":"hide","_kad_post_feature":"hide","_kad_post_feature_position":"","_kad_post_header":false,"_kad_post_footer":false},"_links":{"self":[{"href":"https:\/\/caveaualoxecorton.com\/en\/wp-json\/wp\/v2\/pages\/209"}],"collection":[{"href":"https:\/\/caveaualoxecorton.com\/en\/wp-json\/wp\/v2\/pages"}],"about":[{"href":"https:\/\/caveaualoxecorton.com\/en\/wp-json\/wp\/v2\/types\/page"}],"author":[{"embeddable":true,"href":"https:\/\/caveaualoxecorton.com\/en\/wp-json\/wp\/v2\/users\/2"}],"replies":[{"embeddable":true,"href":"https:\/\/caveaualoxecorton.com\/en\/wp-json\/wp\/v2\/comments?post=209"}],"version-history":[{"count":31,"href":"https:\/\/caveaualoxecorton.com\/en\/wp-json\/wp\/v2\/pages\/209\/revisions"}],"predecessor-version":[{"id":1413,"href":"https:\/\/caveaualoxecorton.com\/en\/wp-json\/wp\/v2\/pages\/209\/revisions\/1413"}],"wp:attachment":[{"href":"https:\/\/caveaualoxecorton.com\/en\/wp-json\/wp\/v2\/media?parent=209"}],"curies":[{"name":"wp","href":"https:\/\/api.w.org\/{rel}","templated":true}]}}