{"id":207,"date":"2020-11-19T09:56:14","date_gmt":"2020-11-19T08:56:14","guid":{"rendered":"https:\/\/caveaualoxecorton.com\/?page_id=207"},"modified":"2020-11-30T14:25:24","modified_gmt":"2020-11-30T13:25:24","slug":"domaine-colin","status":"publish","type":"page","link":"https:\/\/caveaualoxecorton.com\/en\/domaine-colin\/","title":{"rendered":"Domaine Colin"},"content":{"rendered":"<div data-elementor-type=\"wp-page\" data-elementor-id=\"207\" class=\"elementor elementor-207\" data-elementor-settings=\"[]\">\n\t\t\t\t\t\t<div class=\"elementor-inner\">\n\t\t\t\t\t\t\t<div class=\"elementor-section-wrap\">\n\t\t\t\t\t\t\t<section class=\"elementor-section elementor-top-section elementor-element elementor-element-a7eded7 elementor-section-full_width elementor-section-height-default elementor-section-height-default\" data-id=\"a7eded7\" data-element_type=\"section\">\n\t\t\t\t\t\t<div class=\"elementor-container elementor-column-gap-default\">\n\t\t\t\t\t\t\t<div class=\"elementor-row\">\n\t\t\t\t\t<div class=\"elementor-column elementor-col-100 elementor-top-column elementor-element elementor-element-0763a1a\" data-id=\"0763a1a\" data-element_type=\"column\" data-settings=\"{&quot;background_background&quot;:&quot;classic&quot;}\">\n\t\t\t<div class=\"elementor-column-wrap elementor-element-populated\">\n\t\t\t\t\t\t\t<div class=\"elementor-widget-wrap\">\n\t\t\t\t\t\t<div class=\"elementor-element elementor-element-5aa95df elementor-widget elementor-widget-heading\" data-id=\"5aa95df\" data-element_type=\"widget\" data-widget_type=\"heading.default\">\n\t\t\t\t<div class=\"elementor-widget-container\">\n\t\t\t<h1 class=\"elementor-heading-title elementor-size-default\">Domaine Colin<\/h1>\t\t<\/div>\n\t\t\t\t<\/div>\n\t\t\t\t<section class=\"elementor-section elementor-inner-section elementor-element elementor-element-3b495ac elementor-section-boxed elementor-section-height-default elementor-section-height-default\" data-id=\"3b495ac\" data-element_type=\"section\">\n\t\t\t\t\t\t<div class=\"elementor-container elementor-column-gap-default\">\n\t\t\t\t\t\t\t<div class=\"elementor-row\">\n\t\t\t\t\t<div class=\"elementor-column elementor-col-33 elementor-inner-column elementor-element elementor-element-5b96647\" data-id=\"5b96647\" data-element_type=\"column\">\n\t\t\t<div class=\"elementor-column-wrap elementor-element-populated\">\n\t\t\t\t\t\t\t<div class=\"elementor-widget-wrap\">\n\t\t\t\t\t\t<div class=\"elementor-element elementor-element-bdf9e9b elementor-widget elementor-widget-image\" data-id=\"bdf9e9b\" data-element_type=\"widget\" data-widget_type=\"image.default\">\n\t\t\t\t<div class=\"elementor-widget-container\">\n\t\t\t\t\t\t\t\t<div class=\"elementor-image\">\n\t\t\t\t\t\t\t\t\t\t\t\t\t<a href=\"https:\/\/caveaualoxecorton.com\/wp-content\/uploads\/2020\/11\/IMG_20201124_155909-scaled.jpg\" data-elementor-open-lightbox=\"yes\" data-elementor-lightbox-title=\"Cave du Domaine Colin datant du 13\u00e8me si\u00e8cle\">\n\t\t\t\t\t\t\t<img width=\"2560\" height=\"1920\" src=\"https:\/\/caveaualoxecorton.com\/wp-content\/uploads\/2020\/11\/IMG_20201124_155909-scaled.jpg\" class=\"attachment-full size-full\" alt=\"\" loading=\"lazy\" srcset=\"https:\/\/caveaualoxecorton.com\/wp-content\/uploads\/2020\/11\/IMG_20201124_155909-scaled.jpg 2560w, https:\/\/caveaualoxecorton.com\/wp-content\/uploads\/2020\/11\/IMG_20201124_155909-300x225.jpg 300w, https:\/\/caveaualoxecorton.com\/wp-content\/uploads\/2020\/11\/IMG_20201124_155909-1024x768.jpg 1024w, https:\/\/caveaualoxecorton.com\/wp-content\/uploads\/2020\/11\/IMG_20201124_155909-768x576.jpg 768w, https:\/\/caveaualoxecorton.com\/wp-content\/uploads\/2020\/11\/IMG_20201124_155909-1536x1152.jpg 1536w, https:\/\/caveaualoxecorton.com\/wp-content\/uploads\/2020\/11\/IMG_20201124_155909-2048x1536.jpg 2048w\" sizes=\"(max-width: 2560px) 100vw, 2560px\" \/>\t\t\t\t\t\t\t\t<\/a>\n\t\t\t\t\t\t\t\t\t\t\t\t\t\t<\/div>\n\t\t\t\t\t\t<\/div>\n\t\t\t\t<\/div>\n\t\t\t\t\t\t<\/div>\n\t\t\t\t\t<\/div>\n\t\t<\/div>\n\t\t\t\t<div class=\"elementor-column elementor-col-66 elementor-inner-column elementor-element elementor-element-b60002a\" data-id=\"b60002a\" data-element_type=\"column\">\n\t\t\t<div class=\"elementor-column-wrap elementor-element-populated\">\n\t\t\t\t\t\t\t<div class=\"elementor-widget-wrap\">\n\t\t\t\t\t\t<div class=\"elementor-element elementor-element-beb1476 elementor-drop-cap-yes elementor-drop-cap-view-default elementor-widget elementor-widget-text-editor\" data-id=\"beb1476\" data-element_type=\"widget\" data-settings=\"{&quot;drop_cap&quot;:&quot;yes&quot;}\" data-widget_type=\"text-editor.default\">\n\t\t\t\t<div class=\"elementor-widget-container\">\n\t\t\t\t\t\t\t\t<div class=\"elementor-text-editor elementor-clearfix\">\n\t\t\t\t\t<p>Domaine Colin is located in the village of Aloxe-Corton in the C\u00f4te de Beaune. A family estate created in 1979, and it has 4.5 hectares of vines and offers a wide range of red wines. Now retired, Bruno Colin is the 4th and last generation to devote itself to the elaboration of the most prestigious wines of the C\u00f4te de Beaune.<\/p>\t\t\t\t\t<\/div>\n\t\t\t\t\t\t<\/div>\n\t\t\t\t<\/div>\n\t\t\t\t<div class=\"elementor-element elementor-element-1a066d0 elementor-widget elementor-widget-spacer\" data-id=\"1a066d0\" data-element_type=\"widget\" data-widget_type=\"spacer.default\">\n\t\t\t\t<div class=\"elementor-widget-container\">\n\t\t\t\t\t<div class=\"elementor-spacer\">\n\t\t\t<div class=\"elementor-spacer-inner\"><\/div>\n\t\t<\/div>\n\t\t\t\t<\/div>\n\t\t\t\t<\/div>\n\t\t\t\t<div class=\"elementor-element elementor-element-e33813d elementor-widget elementor-widget-image\" data-id=\"e33813d\" data-element_type=\"widget\" data-widget_type=\"image.default\">\n\t\t\t\t<div class=\"elementor-widget-container\">\n\t\t\t\t\t\t\t\t<div class=\"elementor-image\">\n\t\t\t\t\t\t\t\t\t\t\t\t\t<a href=\"https:\/\/caveaualoxecorton.com\/wp-content\/uploads\/2020\/11\/IMG_20201124_155811-scaled.jpg\" data-elementor-open-lightbox=\"yes\" data-elementor-lightbox-title=\"Corton Renardes - Domaine Colin\">\n\t\t\t\t\t\t\t<img src=\"https:\/\/caveaualoxecorton.com\/wp-content\/uploads\/elementor\/thumbs\/IMG_20201124_155811-scaled-p4b2in0csx8lsq9uhc0lmxj3b3qf6ynp0ft6xm3270.jpg\" title=\"Corton Renardes &#8211; Domaine Colin\" alt=\"Corton Renardes - Domaine Colin\" \/>\t\t\t\t\t\t\t\t<\/a>\n\t\t\t\t\t\t\t\t\t\t\t\t\t\t<\/div>\n\t\t\t\t\t\t<\/div>\n\t\t\t\t<\/div>\n\t\t\t\t\t\t<\/div>\n\t\t\t\t\t<\/div>\n\t\t<\/div>\n\t\t\t\t\t\t\t\t<\/div>\n\t\t\t\t\t<\/div>\n\t\t<\/section>\n\t\t\t\t\t\t<\/div>\n\t\t\t\t\t<\/div>\n\t\t<\/div>\n\t\t\t\t\t\t\t\t<\/div>\n\t\t\t\t\t<\/div>\n\t\t<\/section>\n\t\t\t\t\t\t<\/div>\n\t\t\t\t\t\t<\/div>\n\t\t\t\t\t<\/div>","protected":false},"excerpt":{"rendered":"<p>Domaine Colin Le domaine Colin est situ\u00e9 dans le village d&rsquo;Aloxe-Corton en C\u00f4te de Beaune. Domaine familiale cr\u00e9e en 1979, il dispose de 4.5 hectares de vignes et propose une large gamme de vins rouges. Aujourd&rsquo;hui en retraite, Bruno Colin est la 4\u00e8me et derni\u00e8re g\u00e9n\u00e9ration \u00e0 se consacrer \u00e0 l&rsquo;\u00e9laboration des vins les plus&#8230;<\/p>","protected":false},"author":2,"featured_media":0,"parent":0,"menu_order":0,"comment_status":"closed","ping_status":"closed","template":"","meta":{"_kad_post_transparent":"","_kad_post_title":"hide","_kad_post_layout":"fullwidth","_kad_post_sidebar_id":"","_kad_post_content_style":"unboxed","_kad_post_vertical_padding":"hide","_kad_post_feature":"hide","_kad_post_feature_position":"","_kad_post_header":false,"_kad_post_footer":false},"_links":{"self":[{"href":"https:\/\/caveaualoxecorton.com\/en\/wp-json\/wp\/v2\/pages\/207"}],"collection":[{"href":"https:\/\/caveaualoxecorton.com\/en\/wp-json\/wp\/v2\/pages"}],"about":[{"href":"https:\/\/caveaualoxecorton.com\/en\/wp-json\/wp\/v2\/types\/page"}],"author":[{"embeddable":true,"href":"https:\/\/caveaualoxecorton.com\/en\/wp-json\/wp\/v2\/users\/2"}],"replies":[{"embeddable":true,"href":"https:\/\/caveaualoxecorton.com\/en\/wp-json\/wp\/v2\/comments?post=207"}],"version-history":[{"count":31,"href":"https:\/\/caveaualoxecorton.com\/en\/wp-json\/wp\/v2\/pages\/207\/revisions"}],"predecessor-version":[{"id":1401,"href":"https:\/\/caveaualoxecorton.com\/en\/wp-json\/wp\/v2\/pages\/207\/revisions\/1401"}],"wp:attachment":[{"href":"https:\/\/caveaualoxecorton.com\/en\/wp-json\/wp\/v2\/media?parent=207"}],"curies":[{"name":"wp","href":"https:\/\/api.w.org\/{rel}","templated":true}]}}